{"id":5419,"date":"2024-04-24T10:43:46","date_gmt":"2024-04-24T10:43:46","guid":{"rendered":"https:\/\/cejasconalma.erola.es\/frequently-asked-questions\/"},"modified":"2024-08-10T07:02:07","modified_gmt":"2024-08-10T07:02:07","slug":"frequently-asked-questions","status":"publish","type":"page","link":"https:\/\/cejasconalma.com\/en\/frequently-asked-questions\/","title":{"rendered":"Frequently asked questions"},"content":{"rendered":"\t\t<div data-elementor-type=\"wp-page\" data-elementor-id=\"5419\" class=\"elementor elementor-5419\">\n\t\t\t\t\t\t<section class=\"elementor-section elementor-top-section elementor-element elementor-element-589cb40 elementor-hidden-mobile elementor-hidden-tablet elementor-section-boxed elementor-section-height-default elementor-section-height-default wpr-particle-no wpr-jarallax-no wpr-parallax-no wpr-sticky-section-no\" data-id=\"589cb40\" data-element_type=\"section\" data-settings=\"{&quot;background_background&quot;:&quot;classic&quot;}\">\n\t\t\t\t\t\t\t<div class=\"elementor-background-overlay\"><\/div>\n\t\t\t\t\t\t\t<div class=\"elementor-container elementor-column-gap-no\">\n\t\t\t\t\t<div class=\"elementor-column elementor-col-100 elementor-top-column elementor-element elementor-element-528b4ca\" data-id=\"528b4ca\" data-element_type=\"column\">\n\t\t\t<div class=\"elementor-widget-wrap elementor-element-populated\">\n\t\t\t\t\t\t<div class=\"elementor-element elementor-element-e3ac95d elementor-widget elementor-widget-heading\" data-id=\"e3ac95d\" data-element_type=\"widget\" data-widget_type=\"heading.default\">\n\t\t\t\t<div class=\"elementor-widget-container\">\n\t\t\t<style>\/*! elementor - v3.23.0 - 05-08-2024 *\/\n.elementor-heading-title{padding:0;margin:0;line-height:1}.elementor-widget-heading .elementor-heading-title[class*=elementor-size-]>a{color:inherit;font-size:inherit;line-height:inherit}.elementor-widget-heading .elementor-heading-title.elementor-size-small{font-size:15px}.elementor-widget-heading .elementor-heading-title.elementor-size-medium{font-size:19px}.elementor-widget-heading .elementor-heading-title.elementor-size-large{font-size:29px}.elementor-widget-heading .elementor-heading-title.elementor-size-xl{font-size:39px}.elementor-widget-heading .elementor-heading-title.elementor-size-xxl{font-size:59px}<\/style><h1 class=\"elementor-heading-title elementor-size-default\">Frequently asked questions<\/h1>\t\t<\/div>\n\t\t\t\t<\/div>\n\t\t\t\t\t<\/div>\n\t\t<\/div>\n\t\t\t\t\t<\/div>\n\t\t<\/section>\n\t\t\t\t<section class=\"elementor-section elementor-top-section elementor-element elementor-element-a81ba23 elementor-hidden-mobile elementor-hidden-desktop elementor-section-boxed elementor-section-height-default elementor-section-height-default wpr-particle-no wpr-jarallax-no wpr-parallax-no wpr-sticky-section-no\" data-id=\"a81ba23\" data-element_type=\"section\" data-settings=\"{&quot;background_background&quot;:&quot;classic&quot;}\">\n\t\t\t\t\t\t\t<div class=\"elementor-background-overlay\"><\/div>\n\t\t\t\t\t\t\t<div class=\"elementor-container elementor-column-gap-no\">\n\t\t\t\t\t<div class=\"elementor-column elementor-col-100 elementor-top-column elementor-element elementor-element-cdf9da6\" data-id=\"cdf9da6\" data-element_type=\"column\">\n\t\t\t<div class=\"elementor-widget-wrap elementor-element-populated\">\n\t\t\t\t\t\t<div class=\"elementor-element elementor-element-78b07c3 elementor-widget elementor-widget-heading\" data-id=\"78b07c3\" data-element_type=\"widget\" data-widget_type=\"heading.default\">\n\t\t\t\t<div class=\"elementor-widget-container\">\n\t\t\t<h4 class=\"elementor-heading-title elementor-size-default\">Frequently asked questions<\/h4>\t\t<\/div>\n\t\t\t\t<\/div>\n\t\t\t\t\t<\/div>\n\t\t<\/div>\n\t\t\t\t\t<\/div>\n\t\t<\/section>\n\t\t<div class=\"elementor-element elementor-element-4dad9f9 e-flex e-con-boxed wpr-particle-no wpr-jarallax-no wpr-parallax-no wpr-sticky-section-no e-con e-parent\" data-id=\"4dad9f9\" data-element_type=\"container\" data-settings=\"{&quot;background_background&quot;:&quot;classic&quot;}\">\n\t\t\t\t\t<div class=\"e-con-inner\">\n\t\t<div class=\"elementor-element elementor-element-e96b74b e-con-full e-flex wpr-particle-no wpr-jarallax-no wpr-parallax-no wpr-sticky-section-no e-con e-child\" data-id=\"e96b74b\" data-element_type=\"container\">\n\t\t\t\t<div class=\"elementor-element elementor-element-17869b6 elementor-hidden-desktop elementor-hidden-tablet elementor-widget elementor-widget-heading\" data-id=\"17869b6\" data-element_type=\"widget\" data-widget_type=\"heading.default\">\n\t\t\t\t<div class=\"elementor-widget-container\">\n\t\t\t<h4 class=\"elementor-heading-title elementor-size-default\">Frequently asked questions<\/h4>\t\t<\/div>\n\t\t\t\t<\/div>\n\t\t\t\t<div class=\"elementor-element elementor-element-21d7671 elementor-hidden-mobile elementor-widget elementor-widget-image\" data-id=\"21d7671\" data-element_type=\"widget\" data-widget_type=\"image.default\">\n\t\t\t\t<div class=\"elementor-widget-container\">\n\t\t\t<style>\/*! elementor - v3.23.0 - 05-08-2024 *\/\n.elementor-widget-image{text-align:center}.elementor-widget-image a{display:inline-block}.elementor-widget-image a img[src$=\".svg\"]{width:48px}.elementor-widget-image img{vertical-align:middle;display:inline-block}<\/style>\t\t\t\t\t\t\t\t\t\t<img fetchpriority=\"high\" decoding=\"async\" width=\"550\" height=\"775\" src=\"https:\/\/cejasconalma.com\/wp-content\/uploads\/2024\/04\/preguntas-frecuentes.webp\" class=\"attachment-large size-large wp-image-2035\" alt=\"Preguntas frecuentes\" srcset=\"https:\/\/cejasconalma.com\/wp-content\/uploads\/2024\/04\/preguntas-frecuentes.webp 550w, https:\/\/cejasconalma.com\/wp-content\/uploads\/2024\/04\/preguntas-frecuentes-213x300.webp 213w\" sizes=\"(max-width: 550px) 100vw, 550px\" \/>\t\t\t\t\t\t\t\t\t\t\t\t\t<\/div>\n\t\t\t\t<\/div>\n\t\t\t\t<\/div>\n\t\t<div class=\"elementor-element elementor-element-8716ba1 e-con-full e-flex wpr-particle-no wpr-jarallax-no wpr-parallax-no wpr-sticky-section-no e-con e-child\" data-id=\"8716ba1\" data-element_type=\"container\">\n\t\t\t\t<div class=\"elementor-element elementor-element-91e1ea1 elementor-widget elementor-widget-heading\" data-id=\"91e1ea1\" data-element_type=\"widget\" data-widget_type=\"heading.default\">\n\t\t\t\t<div class=\"elementor-widget-container\">\n\t\t\t<h5 class=\"elementor-heading-title elementor-size-default\">I have a previous work but it has not been with you, can you retouch it for me?<\/h5>\t\t<\/div>\n\t\t\t\t<\/div>\n\t\t\t\t<div class=\"elementor-element elementor-element-0e11ef0 elementor-widget elementor-widget-text-editor\" data-id=\"0e11ef0\" data-element_type=\"widget\" data-widget_type=\"text-editor.default\">\n\t\t\t\t<div class=\"elementor-widget-container\">\n\t\t\t<style>\/*! elementor - v3.23.0 - 05-08-2024 *\/\n.elementor-widget-text-editor.elementor-drop-cap-view-stacked .elementor-drop-cap{background-color:#69727d;color:#fff}.elementor-widget-text-editor.elementor-drop-cap-view-framed .elementor-drop-cap{color:#69727d;border:3px solid;background-color:transparent}.elementor-widget-text-editor:not(.elementor-drop-cap-view-default) .elementor-drop-cap{margin-top:8px}.elementor-widget-text-editor:not(.elementor-drop-cap-view-default) .elementor-drop-cap-letter{width:1em;height:1em}.elementor-widget-text-editor .elementor-drop-cap{float:left;text-align:center;line-height:1;font-size:50px}.elementor-widget-text-editor .elementor-drop-cap-letter{display:inline-block}<\/style>\t\t\t\t<p>My work is characterised by a natural, clean and hyper-realistic result. If there is little trace left of the previous work and it fits within the new structure of the eyebrow I will be able to do a NEW WORK, I do not do retouching of other professionals.<\/p><p>This means that I will charge the price of my service as a new treatment.<\/p><p>In case of bad work, where the shape is not correct or the colour is more intense, I will recommend laser removal.<\/p>\t\t\t\t\t\t<\/div>\n\t\t\t\t<\/div>\n\t\t\t\t<div class=\"elementor-element elementor-element-1ff72cd elementor-hidden-tablet elementor-widget elementor-widget-heading\" data-id=\"1ff72cd\" data-element_type=\"widget\" data-widget_type=\"heading.default\">\n\t\t\t\t<div class=\"elementor-widget-container\">\n\t\t\t<h5 class=\"elementor-heading-title elementor-size-default\">Retouching<\/h5>\t\t<\/div>\n\t\t\t\t<\/div>\n\t\t\t\t<div class=\"elementor-element elementor-element-524f150 elementor-hidden-tablet elementor-widget elementor-widget-text-editor\" data-id=\"524f150\" data-element_type=\"widget\" data-widget_type=\"text-editor.default\">\n\t\t\t\t<div class=\"elementor-widget-container\">\n\t\t\t\t\t\t\t<p>The price of the initial treatment includes a check-up after one and a half to two months. Micropigmentation is not permanent, it is renewed every year. Approximately, I carry out these touch-ups from 10 to 18 months after the first procedure. Most of the people I treat do not need a touch-up before one year, but this duration will depend on their skin type and care.<\/p><p>Touch-ups after the first procedure will be treated as a single session and will be priced individually. This means that they do not include any revisions, as these will also be charged for.<\/p><p>How does it look after a while? The work loses 30% to 40% of its intensity, it loses its vibrancy, thus integrating with the natural hair, providing a base to the eyebrow to look fuller or, in case of not having hair, creating an eyebrow with a shape according to the face.<\/p>\t\t\t\t\t\t<\/div>\n\t\t\t\t<\/div>\n\t\t\t\t<div class=\"elementor-element elementor-element-636b77e elementor-hidden-tablet elementor-widget elementor-widget-heading\" data-id=\"636b77e\" data-element_type=\"widget\" data-widget_type=\"heading.default\">\n\t\t\t\t<div class=\"elementor-widget-container\">\n\t\t\t<h5 class=\"elementor-heading-title elementor-size-default\">What you should know before having micropigmentation done<\/h5>\t\t<\/div>\n\t\t\t\t<\/div>\n\t\t\t\t<div class=\"elementor-element elementor-element-bd9b2f7 elementor-hidden-tablet elementor-widget elementor-widget-text-editor\" data-id=\"bd9b2f7\" data-element_type=\"widget\" data-widget_type=\"text-editor.default\">\n\t\t\t\t<div class=\"elementor-widget-container\">\n\t\t\t\t\t\t\t<p>It is contraindicated for pregnant women, people with diabetes or those taking anticoagulant medication.<\/p><p>The professional recommends not having sunbathed (sunburn) in the area to be treated and not taking medication 24 hours before the treatment, nor energy drinks.<\/p><p>The treatment cannot be carried out with herpes, sunburn or haematomas in the area to be treated, skin allergies or dermatitis.<\/p>\t\t\t\t\t\t<\/div>\n\t\t\t\t<\/div>\n\t\t\t\t<\/div>\n\t\t\t\t\t<\/div>\n\t\t\t\t<\/div>\n\t\t<div class=\"elementor-element elementor-element-47d1c37 elementor-hidden-desktop elementor-hidden-mobile e-flex e-con-boxed wpr-particle-no wpr-jarallax-no wpr-parallax-no wpr-sticky-section-no e-con e-parent\" data-id=\"47d1c37\" data-element_type=\"container\" data-settings=\"{&quot;background_background&quot;:&quot;classic&quot;}\">\n\t\t\t\t\t<div class=\"e-con-inner\">\n\t\t<div class=\"elementor-element elementor-element-7241097 e-con-full e-flex wpr-particle-no wpr-jarallax-no wpr-parallax-no wpr-sticky-section-no e-con e-child\" data-id=\"7241097\" data-element_type=\"container\">\n\t\t\t\t<div class=\"elementor-element elementor-element-f62a5e0 elementor-widget elementor-widget-heading\" data-id=\"f62a5e0\" data-element_type=\"widget\" data-widget_type=\"heading.default\">\n\t\t\t\t<div class=\"elementor-widget-container\">\n\t\t\t<h5 class=\"elementor-heading-title elementor-size-default\">Retoques<\/h5>\t\t<\/div>\n\t\t\t\t<\/div>\n\t\t\t\t<div class=\"elementor-element elementor-element-e190262 elementor-widget elementor-widget-text-editor\" data-id=\"e190262\" data-element_type=\"widget\" data-widget_type=\"text-editor.default\">\n\t\t\t\t<div class=\"elementor-widget-container\">\n\t\t\t\t\t\t\t<p>En el precio del tratamiento inicial est\u00e1 incluida una revisi\u00f3n entre el mes y medio y 2 meses. La micropigmentaci\u00f3n no es permanente, se renueva cada a\u00f1o. Aproximadamente, realizo estos mantenimientos desde los 10 hasta los 18 meses tras el primer procedimiento. La mayor\u00eda de personas a las que trato no necesitan retoque antes del a\u00f1o, pero esta duraci\u00f3n depender\u00e1 de su tipo de piel y cuidado.<\/p><p>Los retoques despu\u00e9s del primer procedimiento se tratar\u00e1n como una \u00fanica sesi\u00f3n y tendr\u00e1n su precio individual. Quiere decir que no incluyen ninguna revisi\u00f3n, ya que tambi\u00e9n tendr\u00e1 su costo.<\/p><p>\u00bfC\u00f3mo queda pasado un tiempo? El trabajo pierde un 30% a 40% de la intensidad, pierde la viveza, integr\u00e1ndose as\u00ed con el pelo natural, aportando una base a la ceja para verse m\u00e1s rellena o, en caso de no tener pelo, creando una ceja con forma acorde al rostro.<\/p>\t\t\t\t\t\t<\/div>\n\t\t\t\t<\/div>\n\t\t\t\t<div class=\"elementor-element elementor-element-1799460 elementor-widget elementor-widget-heading\" data-id=\"1799460\" data-element_type=\"widget\" data-widget_type=\"heading.default\">\n\t\t\t\t<div class=\"elementor-widget-container\">\n\t\t\t<h5 class=\"elementor-heading-title elementor-size-default\">Lo que debes saber antes de realizarte una micropigmentaci\u00f3n<\/h5>\t\t<\/div>\n\t\t\t\t<\/div>\n\t\t\t\t<div class=\"elementor-element elementor-element-2c0ba3b elementor-widget elementor-widget-text-editor\" data-id=\"2c0ba3b\" data-element_type=\"widget\" data-widget_type=\"text-editor.default\">\n\t\t\t\t<div class=\"elementor-widget-container\">\n\t\t\t\t\t\t\t<p>Est\u00e1 contraindicado para mujeres embarazadas, personas con diabetes o que tomen medicamentos anticoagulantes.<\/p><p>El profesional recomienda no haber tomado el sol (quemaduras de sol) en la zona a tratar y no tomar medicamentos 24 horas antes del tratamiento, ni bebidas energ\u00e9ticas.<\/p><p>No se podr\u00e1 realizar el tratamiento con herpes, quemaduras solares o hematomas en la zona a tratar, alergias cut\u00e1neas o dermatitis.<\/p>\t\t\t\t\t\t<\/div>\n\t\t\t\t<\/div>\n\t\t\t\t<\/div>\n\t\t\t\t\t<\/div>\n\t\t\t\t<\/div>\n\t\t\t\t<\/div>\n\t\t","protected":false},"excerpt":{"rendered":"<p>Frequently asked questions Frequently asked questions Frequently asked questions I have a previous work but it has not been with you, can you retouch it for me? My work is characterised by a natural, clean and hyper-realistic result. If there is little trace left of the previous work and it fits within the new structure<\/p>\n","protected":false},"author":1,"featured_media":0,"parent":0,"menu_order":0,"comment_status":"closed","ping_status":"closed","template":"elementor_header_footer","meta":{"site-sidebar-layout":"no-sidebar","site-content-layout":"page-builder","ast-site-content-layout":"full-width-container","site-content-style":"unboxed","site-sidebar-style":"unboxed","ast-global-header-display":"","ast-banner-title-visibility":"","ast-main-header-display":"","ast-hfb-above-header-display":"","ast-hfb-below-header-display":"","ast-hfb-mobile-header-display":"","site-post-title":"disabled","ast-breadcrumbs-content":"","ast-featured-img":"disabled","footer-sml-layout":"","theme-transparent-header-meta":"","adv-header-id-meta":"","stick-header-meta":"","header-above-stick-meta":"","header-main-stick-meta":"","header-below-stick-meta":"","astra-migrate-meta-layouts":"set","ast-page-background-enabled":"default","ast-page-background-meta":{"desktop":{"background-color":"","background-image":"","background-repeat":"repeat","background-position":"center center","background-size":"auto","background-attachment":"scroll","background-type":"","background-media":"","overlay-type":"","overlay-color":"","overlay-opacity":"","overlay-gradient":""},"tablet":{"background-color":"","background-image":"","background-repeat":"repeat","background-position":"center center","background-size":"auto","background-attachment":"scroll","background-type":"","background-media":"","overlay-type":"","overlay-color":"","overlay-opacity":"","overlay-gradient":""},"mobile":{"background-color":"","background-image":"","background-repeat":"repeat","background-position":"center center","background-size":"auto","background-attachment":"scroll","background-type":"","background-media":"","overlay-type":"","overlay-color":"","overlay-opacity":"","overlay-gradient":""}},"ast-content-background-meta":{"desktop":{"background-color":"var(--ast-global-color-5)","background-image":"","background-repeat":"repeat","background-position":"center center","background-size":"auto","background-attachment":"scroll","background-type":"","background-media":"","overlay-type":"","overlay-color":"","overlay-opacity":"","overlay-gradient":""},"tablet":{"background-color":"var(--ast-global-color-5)","background-image":"","background-repeat":"repeat","background-position":"center center","background-size":"auto","background-attachment":"scroll","background-type":"","background-media":"","overlay-type":"","overlay-color":"","overlay-opacity":"","overlay-gradient":""},"mobile":{"background-color":"var(--ast-global-color-5)","background-image":"","background-repeat":"repeat","background-position":"center center","background-size":"auto","background-attachment":"scroll","background-type":"","background-media":"","overlay-type":"","overlay-color":"","overlay-opacity":"","overlay-gradient":""}},"footnotes":""},"class_list":["post-5419","page","type-page","status-publish","hentry"],"yoast_head":"<!-- This site is optimized with the Yoast SEO plugin v23.3 - https:\/\/yoast.com\/wordpress\/plugins\/seo\/ -->\n<title>Frequently asked questions - Cejas con Alma<\/title>\n<meta name=\"robots\" content=\"index, follow, max-snippet:-1, max-image-preview:large, max-video-preview:-1\" \/>\n<link rel=\"canonical\" href=\"https:\/\/cejasconalma.com\/preguntas-frecuentes\/\" \/>\n<meta property=\"og:locale\" content=\"en_US\" \/>\n<meta property=\"og:type\" content=\"article\" \/>\n<meta property=\"og:title\" content=\"Frequently asked questions - Cejas con Alma\" \/>\n<meta property=\"og:description\" content=\"Frequently asked questions Frequently asked questions Frequently asked questions I have a previous work but it has not been with you, can you retouch it for me? My work is characterised by a natural, clean and hyper-realistic result. If there is little trace left of the previous work and it fits within the new structure\" \/>\n<meta property=\"og:url\" content=\"https:\/\/cejasconalma.com\/preguntas-frecuentes\/\" \/>\n<meta property=\"og:site_name\" content=\"Cejas con Alma\" \/>\n<meta property=\"article:publisher\" content=\"https:\/\/www.facebook.com\/p\/Cejas-Con-Alma-100071912537915\/\" \/>\n<meta property=\"article:modified_time\" content=\"2024-08-10T07:02:07+00:00\" \/>\n<meta property=\"og:image\" content=\"https:\/\/cejasconalma.erola.es\/wp-content\/uploads\/2024\/04\/preguntas-frecuentes.webp\" \/>\n<meta name=\"twitter:card\" content=\"summary_large_image\" \/>\n<meta name=\"twitter:label1\" content=\"Est. reading time\" \/>\n\t<meta name=\"twitter:data1\" content=\"3 minutes\" \/>\n<script type=\"application\/ld+json\" class=\"yoast-schema-graph\">{\"@context\":\"https:\/\/schema.org\",\"@graph\":[{\"@type\":\"WebPage\",\"@id\":\"https:\/\/cejasconalma.com\/preguntas-frecuentes\/\",\"url\":\"https:\/\/cejasconalma.com\/preguntas-frecuentes\/\",\"name\":\"Frequently asked questions - Cejas con Alma\",\"isPartOf\":{\"@id\":\"https:\/\/cejasconalma.com\/#website\"},\"primaryImageOfPage\":{\"@id\":\"https:\/\/cejasconalma.com\/preguntas-frecuentes\/#primaryimage\"},\"image\":{\"@id\":\"https:\/\/cejasconalma.com\/preguntas-frecuentes\/#primaryimage\"},\"thumbnailUrl\":\"https:\/\/cejasconalma.erola.es\/wp-content\/uploads\/2024\/04\/preguntas-frecuentes.webp\",\"datePublished\":\"2024-04-24T10:43:46+00:00\",\"dateModified\":\"2024-08-10T07:02:07+00:00\",\"breadcrumb\":{\"@id\":\"https:\/\/cejasconalma.com\/preguntas-frecuentes\/#breadcrumb\"},\"inLanguage\":\"en-US\",\"potentialAction\":[{\"@type\":\"ReadAction\",\"target\":[\"https:\/\/cejasconalma.com\/preguntas-frecuentes\/\"]}]},{\"@type\":\"ImageObject\",\"inLanguage\":\"en-US\",\"@id\":\"https:\/\/cejasconalma.com\/preguntas-frecuentes\/#primaryimage\",\"url\":\"https:\/\/cejasconalma.erola.es\/wp-content\/uploads\/2024\/04\/preguntas-frecuentes.webp\",\"contentUrl\":\"https:\/\/cejasconalma.erola.es\/wp-content\/uploads\/2024\/04\/preguntas-frecuentes.webp\"},{\"@type\":\"BreadcrumbList\",\"@id\":\"https:\/\/cejasconalma.com\/preguntas-frecuentes\/#breadcrumb\",\"itemListElement\":[{\"@type\":\"ListItem\",\"position\":1,\"name\":\"Portada\",\"item\":\"https:\/\/cejasconalma.com\/en\/\"},{\"@type\":\"ListItem\",\"position\":2,\"name\":\"Frequently asked questions\"}]},{\"@type\":\"WebSite\",\"@id\":\"https:\/\/cejasconalma.com\/#website\",\"url\":\"https:\/\/cejasconalma.com\/\",\"name\":\"Cejas con Alma\",\"description\":\"\",\"publisher\":{\"@id\":\"https:\/\/cejasconalma.com\/#\/schema\/person\/aa68dfb129fa59d175330f5e1e3d2a50\"},\"potentialAction\":[{\"@type\":\"SearchAction\",\"target\":{\"@type\":\"EntryPoint\",\"urlTemplate\":\"https:\/\/cejasconalma.com\/?s={search_term_string}\"},\"query-input\":\"required name=search_term_string\"}],\"inLanguage\":\"en-US\"},{\"@type\":[\"Person\",\"Organization\"],\"@id\":\"https:\/\/cejasconalma.com\/#\/schema\/person\/aa68dfb129fa59d175330f5e1e3d2a50\",\"name\":\"Vanesa Morales\",\"image\":{\"@type\":\"ImageObject\",\"inLanguage\":\"en-US\",\"@id\":\"https:\/\/cejasconalma.com\/#\/schema\/person\/image\/\",\"url\":\"https:\/\/cejasconalma.com\/wp-content\/uploads\/2024\/06\/logo-circulo-trans-cejas-con-alma-160x160-v3.webp\",\"contentUrl\":\"https:\/\/cejasconalma.com\/wp-content\/uploads\/2024\/06\/logo-circulo-trans-cejas-con-alma-160x160-v3.webp\",\"width\":160,\"height\":160,\"caption\":\"Vanesa Morales\"},\"logo\":{\"@id\":\"https:\/\/cejasconalma.com\/#\/schema\/person\/image\/\"},\"sameAs\":[\"https:\/\/www.facebook.com\/p\/Cejas-Con-Alma-100071912537915\/\",\"https:\/\/www.instagram.com\/cejasconalma\/\"]}]}<\/script>\n<!-- \/ Yoast SEO plugin. -->","yoast_head_json":{"title":"Frequently asked questions - Cejas con Alma","robots":{"index":"index","follow":"follow","max-snippet":"max-snippet:-1","max-image-preview":"max-image-preview:large","max-video-preview":"max-video-preview:-1"},"canonical":"https:\/\/cejasconalma.com\/preguntas-frecuentes\/","og_locale":"en_US","og_type":"article","og_title":"Frequently asked questions - Cejas con Alma","og_description":"Frequently asked questions Frequently asked questions Frequently asked questions I have a previous work but it has not been with you, can you retouch it for me? My work is characterised by a natural, clean and hyper-realistic result. If there is little trace left of the previous work and it fits within the new structure","og_url":"https:\/\/cejasconalma.com\/preguntas-frecuentes\/","og_site_name":"Cejas con Alma","article_publisher":"https:\/\/www.facebook.com\/p\/Cejas-Con-Alma-100071912537915\/","article_modified_time":"2024-08-10T07:02:07+00:00","og_image":[{"url":"https:\/\/cejasconalma.erola.es\/wp-content\/uploads\/2024\/04\/preguntas-frecuentes.webp"}],"twitter_card":"summary_large_image","twitter_misc":{"Est. reading time":"3 minutes"},"schema":{"@context":"https:\/\/schema.org","@graph":[{"@type":"WebPage","@id":"https:\/\/cejasconalma.com\/preguntas-frecuentes\/","url":"https:\/\/cejasconalma.com\/preguntas-frecuentes\/","name":"Frequently asked questions - Cejas con Alma","isPartOf":{"@id":"https:\/\/cejasconalma.com\/#website"},"primaryImageOfPage":{"@id":"https:\/\/cejasconalma.com\/preguntas-frecuentes\/#primaryimage"},"image":{"@id":"https:\/\/cejasconalma.com\/preguntas-frecuentes\/#primaryimage"},"thumbnailUrl":"https:\/\/cejasconalma.erola.es\/wp-content\/uploads\/2024\/04\/preguntas-frecuentes.webp","datePublished":"2024-04-24T10:43:46+00:00","dateModified":"2024-08-10T07:02:07+00:00","breadcrumb":{"@id":"https:\/\/cejasconalma.com\/preguntas-frecuentes\/#breadcrumb"},"inLanguage":"en-US","potentialAction":[{"@type":"ReadAction","target":["https:\/\/cejasconalma.com\/preguntas-frecuentes\/"]}]},{"@type":"ImageObject","inLanguage":"en-US","@id":"https:\/\/cejasconalma.com\/preguntas-frecuentes\/#primaryimage","url":"https:\/\/cejasconalma.erola.es\/wp-content\/uploads\/2024\/04\/preguntas-frecuentes.webp","contentUrl":"https:\/\/cejasconalma.erola.es\/wp-content\/uploads\/2024\/04\/preguntas-frecuentes.webp"},{"@type":"BreadcrumbList","@id":"https:\/\/cejasconalma.com\/preguntas-frecuentes\/#breadcrumb","itemListElement":[{"@type":"ListItem","position":1,"name":"Portada","item":"https:\/\/cejasconalma.com\/en\/"},{"@type":"ListItem","position":2,"name":"Frequently asked questions"}]},{"@type":"WebSite","@id":"https:\/\/cejasconalma.com\/#website","url":"https:\/\/cejasconalma.com\/","name":"Cejas con Alma","description":"","publisher":{"@id":"https:\/\/cejasconalma.com\/#\/schema\/person\/aa68dfb129fa59d175330f5e1e3d2a50"},"potentialAction":[{"@type":"SearchAction","target":{"@type":"EntryPoint","urlTemplate":"https:\/\/cejasconalma.com\/?s={search_term_string}"},"query-input":"required name=search_term_string"}],"inLanguage":"en-US"},{"@type":["Person","Organization"],"@id":"https:\/\/cejasconalma.com\/#\/schema\/person\/aa68dfb129fa59d175330f5e1e3d2a50","name":"Vanesa Morales","image":{"@type":"ImageObject","inLanguage":"en-US","@id":"https:\/\/cejasconalma.com\/#\/schema\/person\/image\/","url":"https:\/\/cejasconalma.com\/wp-content\/uploads\/2024\/06\/logo-circulo-trans-cejas-con-alma-160x160-v3.webp","contentUrl":"https:\/\/cejasconalma.com\/wp-content\/uploads\/2024\/06\/logo-circulo-trans-cejas-con-alma-160x160-v3.webp","width":160,"height":160,"caption":"Vanesa Morales"},"logo":{"@id":"https:\/\/cejasconalma.com\/#\/schema\/person\/image\/"},"sameAs":["https:\/\/www.facebook.com\/p\/Cejas-Con-Alma-100071912537915\/","https:\/\/www.instagram.com\/cejasconalma\/"]}]}},"_links":{"self":[{"href":"https:\/\/cejasconalma.com\/en\/wp-json\/wp\/v2\/pages\/5419"}],"collection":[{"href":"https:\/\/cejasconalma.com\/en\/wp-json\/wp\/v2\/pages"}],"about":[{"href":"https:\/\/cejasconalma.com\/en\/wp-json\/wp\/v2\/types\/page"}],"author":[{"embeddable":true,"href":"https:\/\/cejasconalma.com\/en\/wp-json\/wp\/v2\/users\/1"}],"replies":[{"embeddable":true,"href":"https:\/\/cejasconalma.com\/en\/wp-json\/wp\/v2\/comments?post=5419"}],"version-history":[{"count":5,"href":"https:\/\/cejasconalma.com\/en\/wp-json\/wp\/v2\/pages\/5419\/revisions"}],"predecessor-version":[{"id":5684,"href":"https:\/\/cejasconalma.com\/en\/wp-json\/wp\/v2\/pages\/5419\/revisions\/5684"}],"wp:attachment":[{"href":"https:\/\/cejasconalma.com\/en\/wp-json\/wp\/v2\/media?parent=5419"}],"curies":[{"name":"wp","href":"https:\/\/api.w.org\/{rel}","templated":true}]}}